{"id":205,"date":"2014-09-01T08:23:35","date_gmt":"2014-09-01T11:23:35","guid":{"rendered":"http:\/\/celvmarilia.org.br\/?page_id=205"},"modified":"2014-09-01T08:24:39","modified_gmt":"2014-09-01T11:24:39","slug":"livraria","status":"publish","type":"page","link":"https:\/\/celvmarilia.org.br\/w\/livraria\/","title":{"rendered":"Livraria"},"content":{"rendered":"\t\t\t<div class=\"book-review-wrapper orderedby-date\" id=\"book-review-642\">\n\t\t\t\t<h3><a href=\"https:\/\/celvmarilia.org.br\/w\/book-review\/amor-a-dois\/\">Amor a dois<\/a><\/h3>\n\t\t\t\t<div class=\"book-review-sc post-642 book-review type-book-review status-publish hentry genre-espiritismo book-author-andrei-moreira\">\n\t\t\t\t\t\n\t\t\t\t\t\t\t\t\t<\/div>\n\n\t\t\t\t<div class=\"post-meta\">\n\t\t\t\t\t\t\t\t\t<\/div>\n\t\t\t\t<div class=\"post-data\">\n\t\t\t\t\t\t\t\t\t\t\t\t\t\t\t\t<span class=\"genre\"><strong>Genre:<\/strong> <a href=\"https:\/\/celvmarilia.org.br\/w\/?genre=espiritismo\">Espiritismo<\/a><\/span><br \/>\n\t\t\t\t\t\t\t\t\t\t\t\t\t\t\t\t\t\t\t\t\t\t\t\t<\/div>\n\t\t\t<\/div>\n\t\t\t\t\t\t<div class=\"book-review-wrapper orderedby-date\" id=\"book-review-640\">\n\t\t\t\t<h3><a href=\"https:\/\/celvmarilia.org.br\/w\/book-review\/cartas-do-evangelho\/\">Cartas do Evangelho<\/a><\/h3>\n\t\t\t\t<div class=\"book-review-sc post-640 book-review type-book-review status-publish hentry genre-espiritismo book-author-vinicius-lara\">\n\t\t\t\t\t\n\t\t\t\t\t\t\t\t\t<\/div>\n\n\t\t\t\t<div class=\"post-meta\">\n\t\t\t\t\t\t\t\t\t<\/div>\n\t\t\t\t<div class=\"post-data\">\n\t\t\t\t\t\t\t\t\t\t\t\t\t\t\t\t<span class=\"genre\"><strong>Genre:<\/strong> <a href=\"https:\/\/celvmarilia.org.br\/w\/?genre=espiritismo\">Espiritismo<\/a><\/span><br \/>\n\t\t\t\t\t\t\t\t\t\t\t\t\t\t\t\t\t\t\t\t\t\t\t\t<\/div>\n\t\t\t<\/div>\n\t\t\t\t\t\t<div class=\"book-review-wrapper orderedby-date\" id=\"book-review-638\">\n\t\t\t\t<h3><a href=\"https:\/\/celvmarilia.org.br\/w\/book-review\/a-pratica-da-mediunidade-com-jesus\/\">A Pr\u00e1tica da Mediunidade com Jesus<\/a><\/h3>\n\t\t\t\t<div class=\"book-review-sc post-638 book-review type-book-review status-publish hentry genre-espiritismo book-author-alirio-de-cerqueira-filho\">\n\t\t\t\t\t\n\t\t\t\t\t\t\t\t\t<\/div>\n\n\t\t\t\t<div class=\"post-meta\">\n\t\t\t\t\t\t\t\t\t<\/div>\n\t\t\t\t<div class=\"post-data\">\n\t\t\t\t\t\t\t\t\t\t\t\t\t\t\t\t<span class=\"genre\"><strong>Genre:<\/strong> <a href=\"https:\/\/celvmarilia.org.br\/w\/?genre=espiritismo\">Espiritismo<\/a><\/span><br \/>\n\t\t\t\t\t\t\t\t\t\t\t\t\t\t\t\t\t\t\t\t\t\t\t\t<\/div>\n\t\t\t<\/div>\n\t\t\t\t\t\t<div class=\"book-review-wrapper orderedby-date\" id=\"book-review-634\">\n\t\t\t\t<h3><a href=\"https:\/\/celvmarilia.org.br\/w\/book-review\/evangelho-e-parabolas-segundo-o-espiritismo-colecao-iluminar-vol-1\/\">Evangelho e Par\u00e1bolas Segundo o Espiritismo &#8211; Cole\u00e7\u00e3o Iluminar Vol. 1<\/a><\/h3>\n\t\t\t\t<div class=\"book-review-sc post-634 book-review type-book-review status-publish hentry genre-espiritismo book-author-varios-autores\">\n\t\t\t\t\t\n\t\t\t\t\t\t\t\t\t<\/div>\n\n\t\t\t\t<div class=\"post-meta\">\n\t\t\t\t\t\t\t\t\t<\/div>\n\t\t\t\t<div class=\"post-data\">\n\t\t\t\t\t\t\t\t\t\t\t\t\t\t\t\t<span class=\"genre\"><strong>Genre:<\/strong> <a href=\"https:\/\/celvmarilia.org.br\/w\/?genre=espiritismo\">Espiritismo<\/a><\/span><br \/>\n\t\t\t\t\t\t\t\t\t\t\t\t\t\t\t\t\t\t\t\t\t\t\t\t<\/div>\n\t\t\t<\/div>\n\t\t\t\t\t\t<div class=\"book-review-wrapper orderedby-date\" id=\"book-review-627\">\n\t\t\t\t<h3><a href=\"https:\/\/celvmarilia.org.br\/w\/book-review\/inteligencia-das-emocoes\/\">Intelig\u00eancia das emo\u00e7\u00f5es<\/a><\/h3>\n\t\t\t\t<div class=\"book-review-sc post-627 book-review type-book-review status-publish hentry genre-espiritismo book-author-alirio-de-cerqueira-filho\">\n\t\t\t\t\t\n\t\t\t\t\t\t\t\t\t<\/div>\n\n\t\t\t\t<div class=\"post-meta\">\n\t\t\t\t\t\t\t\t\t<\/div>\n\t\t\t\t<div class=\"post-data\">\n\t\t\t\t\t\t\t\t\t\t\t\t\t\t\t\t<span class=\"genre\"><strong>Genre:<\/strong> <a href=\"https:\/\/celvmarilia.org.br\/w\/?genre=espiritismo\">Espiritismo<\/a><\/span><br \/>\n\t\t\t\t\t\t\t\t\t\t\t\t\t\t\t\t\t\t\t\t\t\t\t\t<\/div>\n\t\t\t<\/div>\n\t\t\t\t\t\t<div class=\"book-review-wrapper orderedby-date\" id=\"book-review-625\">\n\t\t\t\t<h3><a href=\"https:\/\/celvmarilia.org.br\/w\/book-review\/a-sublime-oracao-de-francisco-de-assis\/\">A Sublime Ora\u00e7\u00e3o de Francisco de Assis<\/a><\/h3>\n\t\t\t\t<div class=\"book-review-sc post-625 book-review type-book-review status-publish hentry genre-espiritismo book-author-alirio-de-cerqueira-filho\">\n\t\t\t\t\t\n\t\t\t\t\t\t\t\t\t<\/div>\n\n\t\t\t\t<div class=\"post-meta\">\n\t\t\t\t\t\t\t\t\t<\/div>\n\t\t\t\t<div class=\"post-data\">\n\t\t\t\t\t\t\t\t\t\t\t\t\t\t\t\t<span class=\"genre\"><strong>Genre:<\/strong> <a href=\"https:\/\/celvmarilia.org.br\/w\/?genre=espiritismo\">Espiritismo<\/a><\/span><br \/>\n\t\t\t\t\t\t\t\t\t\t\t\t\t\t\t\t\t\t\t\t\t\t\t\t<\/div>\n\t\t\t<\/div>\n\t\t\t\t\t\t<div class=\"book-review-wrapper orderedby-date\" id=\"book-review-623\">\n\t\t\t\t<h3><a href=\"https:\/\/celvmarilia.org.br\/w\/book-review\/jesus-modelo-e-guia-da-familia\/\">Jesus: Modelo e guia da Fam\u00edlia<\/a><\/h3>\n\t\t\t\t<div class=\"book-review-sc post-623 book-review type-book-review status-publish hentry genre-espiritismo book-author-alirio-de-cerqueira-filho\">\n\t\t\t\t\t\n\t\t\t\t\t\t\t\t\t<\/div>\n\n\t\t\t\t<div class=\"post-meta\">\n\t\t\t\t\t\t\t\t\t<\/div>\n\t\t\t\t<div class=\"post-data\">\n\t\t\t\t\t\t\t\t\t\t\t\t\t\t\t\t<span class=\"genre\"><strong>Genre:<\/strong> <a href=\"https:\/\/celvmarilia.org.br\/w\/?genre=espiritismo\">Espiritismo<\/a><\/span><br \/>\n\t\t\t\t\t\t\t\t\t\t\t\t\t\t\t\t\t\t\t\t\t\t\t\t<\/div>\n\t\t\t<\/div>\n\t\t\t\t\t\t<div class=\"book-review-wrapper orderedby-date\" id=\"book-review-610\">\n\t\t\t\t<h3><a href=\"https:\/\/celvmarilia.org.br\/w\/book-review\/os-espiritos-e-os-homens\/\">Os Esp\u00edritos e os Homens<\/a><\/h3>\n\t\t\t\t<div class=\"book-review-sc post-610 book-review type-book-review status-publish hentry genre-espiritismo book-author-cosme-massi\">\n\t\t\t\t\t\n\t\t\t\t\t\t\t\t\t<\/div>\n\n\t\t\t\t<div class=\"post-meta\">\n\t\t\t\t\t\t\t\t\t<\/div>\n\t\t\t\t<div class=\"post-data\">\n\t\t\t\t\t\t\t\t\t\t\t\t\t\t\t\t<span class=\"genre\"><strong>Genre:<\/strong> <a href=\"https:\/\/celvmarilia.org.br\/w\/?genre=espiritismo\">Espiritismo<\/a><\/span><br \/>\n\t\t\t\t\t\t\t\t\t\t\t\t\t\t\t\t\t\t\t\t\t\t\t\t<\/div>\n\t\t\t<\/div>\n\t\t\t\t\t\t<div class=\"book-review-wrapper orderedby-date\" id=\"book-review-608\">\n\t\t\t\t<h3><a href=\"https:\/\/celvmarilia.org.br\/w\/book-review\/eu-escolho-ser-feliz\/\">Eu escolho ser feliz<\/a><\/h3>\n\t\t\t\t<div class=\"book-review-sc post-608 book-review type-book-review status-publish hentry genre-espiritismo book-author-rossandro-klinjey\">\n\t\t\t\t\t\n\t\t\t\t\t\t\t\t\t<\/div>\n\n\t\t\t\t<div class=\"post-meta\">\n\t\t\t\t\t\t\t\t\t<\/div>\n\t\t\t\t<div class=\"post-data\">\n\t\t\t\t\t\t\t\t\t\t\t\t\t\t\t\t<span class=\"genre\"><strong>Genre:<\/strong> <a href=\"https:\/\/celvmarilia.org.br\/w\/?genre=espiritismo\">Espiritismo<\/a><\/span><br \/>\n\t\t\t\t\t\t\t\t\t\t\t\t\t\t\t\t\t\t\t\t\t\t\t\t<\/div>\n\t\t\t<\/div>\n\t\t\t\t\t\t<div class=\"book-review-wrapper orderedby-date\" id=\"book-review-585\">\n\t\t\t\t<h3><a href=\"https:\/\/celvmarilia.org.br\/w\/book-review\/game-over\/\">Game Over<\/a><\/h3>\n\t\t\t\t<div class=\"book-review-sc post-585 book-review type-book-review status-publish has-post-thumbnail hentry genre-espiritismo book-author-adeilson-salles-pelo-espirito-luiz-sergio\">\n\t\t\t\t\t\t\t\t\t\t\t<a href=\"https:\/\/celvmarilia.org.br\/w\/book-review\/game-over\/\" title=\"Game Over\" class=\"alignleft pull-left thumbnail\">\n\t\t\t\t\t\t\t<img loading=\"lazy\" decoding=\"async\" width=\"130\" height=\"130\" src=\"https:\/\/celvmarilia.org.br\/w\/wp-content\/uploads\/2018\/04\/download_gameover-130x130.png\" class=\"attachment-thumbnail size-thumbnail wp-post-image\" alt=\"\" srcset=\"https:\/\/celvmarilia.org.br\/w\/wp-content\/uploads\/2018\/04\/download_gameover-130x130.png 130w, https:\/\/celvmarilia.org.br\/w\/wp-content\/uploads\/2018\/04\/download_gameover-36x36.png 36w\" sizes=\"auto, 100vw\" \/>\t\t\t\t\t\t<\/a>\n\t\t\t\t\t\n\t\t\t\t\t\t\t\t\t<\/div>\n\n\t\t\t\t<div class=\"post-meta\">\n\t\t\t\t\t\t\t\t\t<\/div>\n\t\t\t\t<div class=\"post-data\">\n\t\t\t\t\t\t\t\t\t\t\t\t\t\t\t\t<span class=\"genre\"><strong>Genre:<\/strong> <a href=\"https:\/\/celvmarilia.org.br\/w\/?genre=espiritismo\">Espiritismo<\/a><\/span><br \/>\n\t\t\t\t\t\t\t\t\t\t\t\t\t\t\t\t\t\t\t\t\t\t\t\t<\/div>\n\t\t\t<\/div>\n\t\t\t\t\t\t<div class=\"book-review-wrapper orderedby-date\" id=\"book-review-582\">\n\t\t\t\t<h3><a href=\"https:\/\/celvmarilia.org.br\/w\/book-review\/parabolas-terapeuticas-volume-2\/\">Par\u00e1bolas Terap\u00eauticas Volume 2<\/a><\/h3>\n\t\t\t\t<div class=\"book-review-sc post-582 book-review type-book-review status-publish has-post-thumbnail hentry genre-espiritismo book-author-alirio-de-cerqueira-filho\">\n\t\t\t\t\t\t\t\t\t\t\t<a href=\"https:\/\/celvmarilia.org.br\/w\/book-review\/parabolas-terapeuticas-volume-2\/\" title=\"Par\u00e1bolas Terap\u00eauticas Volume 2\" class=\"alignleft pull-left thumbnail\">\n\t\t\t\t\t\t\t<img loading=\"lazy\" decoding=\"async\" width=\"130\" height=\"130\" src=\"https:\/\/celvmarilia.org.br\/w\/wp-content\/uploads\/2018\/04\/51dytXLLbcL._SR600315_SCLZZZZZZZ_-130x130.jpg\" class=\"attachment-thumbnail size-thumbnail wp-post-image\" alt=\"\" srcset=\"https:\/\/celvmarilia.org.br\/w\/wp-content\/uploads\/2018\/04\/51dytXLLbcL._SR600315_SCLZZZZZZZ_-130x130.jpg 130w, https:\/\/celvmarilia.org.br\/w\/wp-content\/uploads\/2018\/04\/51dytXLLbcL._SR600315_SCLZZZZZZZ_-36x36.jpg 36w\" sizes=\"auto, 100vw\" \/>\t\t\t\t\t\t<\/a>\n\t\t\t\t\t\n\t\t\t\t\t\t\t\t\t<\/div>\n\n\t\t\t\t<div class=\"post-meta\">\n\t\t\t\t\t\t\t\t\t<\/div>\n\t\t\t\t<div class=\"post-data\">\n\t\t\t\t\t\t\t\t\t\t\t\t\t\t\t\t<span class=\"genre\"><strong>Genre:<\/strong> <a href=\"https:\/\/celvmarilia.org.br\/w\/?genre=espiritismo\">Espiritismo<\/a><\/span><br \/>\n\t\t\t\t\t\t\t\t\t\t\t\t\t\t\t\t\t\t\t\t\t\t\t\t<\/div>\n\t\t\t<\/div>\n\t\t\t\t\t\t<div class=\"book-review-wrapper orderedby-date\" id=\"book-review-579\">\n\t\t\t\t<h3><a href=\"https:\/\/celvmarilia.org.br\/w\/book-review\/parabolas-terapeuticas\/\">Par\u00e1bolas Terap\u00eauticas<\/a><\/h3>\n\t\t\t\t<div class=\"book-review-sc post-579 book-review type-book-review status-publish has-post-thumbnail hentry genre-espiritismo book-author-alirio-de-cerqueira-filho\">\n\t\t\t\t\t\t\t\t\t\t\t<a href=\"https:\/\/celvmarilia.org.br\/w\/book-review\/parabolas-terapeuticas\/\" title=\"Par\u00e1bolas Terap\u00eauticas\" class=\"alignleft pull-left thumbnail\">\n\t\t\t\t\t\t\t<img loading=\"lazy\" decoding=\"async\" width=\"130\" height=\"130\" src=\"https:\/\/celvmarilia.org.br\/w\/wp-content\/uploads\/2018\/04\/0b70f3cb8d63886948d13187ccb0391608274606-130x130.jpg\" class=\"attachment-thumbnail size-thumbnail wp-post-image\" alt=\"\" srcset=\"https:\/\/celvmarilia.org.br\/w\/wp-content\/uploads\/2018\/04\/0b70f3cb8d63886948d13187ccb0391608274606-130x130.jpg 130w, https:\/\/celvmarilia.org.br\/w\/wp-content\/uploads\/2018\/04\/0b70f3cb8d63886948d13187ccb0391608274606-36x36.jpg 36w\" sizes=\"auto, 100vw\" \/>\t\t\t\t\t\t<\/a>\n\t\t\t\t\t\n\t\t\t\t\t\t\t\t\t<\/div>\n\n\t\t\t\t<div class=\"post-meta\">\n\t\t\t\t\t\t\t\t\t<\/div>\n\t\t\t\t<div class=\"post-data\">\n\t\t\t\t\t\t\t\t\t\t\t\t\t\t\t\t<span class=\"genre\"><strong>Genre:<\/strong> <a href=\"https:\/\/celvmarilia.org.br\/w\/?genre=espiritismo\">Espiritismo<\/a><\/span><br \/>\n\t\t\t\t\t\t\t\t\t\t\t\t\t\t\t\t\t\t\t\t\t\t\t\t<\/div>\n\t\t\t<\/div>\n\t\t\t\t\t\t<div class=\"book-review-wrapper orderedby-date\" id=\"book-review-576\">\n\t\t\t\t<h3><a href=\"https:\/\/celvmarilia.org.br\/w\/book-review\/convites-terapeuticos-de-jesus\/\">Convites Terap\u00eauticos de Jesus<\/a><\/h3>\n\t\t\t\t<div class=\"book-review-sc post-576 book-review type-book-review status-publish has-post-thumbnail hentry genre-espiritismo book-author-alirio-de-cerqueira-filho\">\n\t\t\t\t\t\t\t\t\t\t\t<a href=\"https:\/\/celvmarilia.org.br\/w\/book-review\/convites-terapeuticos-de-jesus\/\" title=\"Convites Terap\u00eauticos de Jesus\" class=\"alignleft pull-left thumbnail\">\n\t\t\t\t\t\t\t<img loading=\"lazy\" decoding=\"async\" width=\"130\" height=\"130\" src=\"https:\/\/celvmarilia.org.br\/w\/wp-content\/uploads\/2018\/04\/download_convites-130x130.jpg\" class=\"attachment-thumbnail size-thumbnail wp-post-image\" alt=\"\" srcset=\"https:\/\/celvmarilia.org.br\/w\/wp-content\/uploads\/2018\/04\/download_convites-130x130.jpg 130w, https:\/\/celvmarilia.org.br\/w\/wp-content\/uploads\/2018\/04\/download_convites-36x36.jpg 36w\" sizes=\"auto, 100vw\" \/>\t\t\t\t\t\t<\/a>\n\t\t\t\t\t\n\t\t\t\t\t\t\t\t\t<\/div>\n\n\t\t\t\t<div class=\"post-meta\">\n\t\t\t\t\t\t\t\t\t<\/div>\n\t\t\t\t<div class=\"post-data\">\n\t\t\t\t\t\t\t\t\t\t\t\t\t\t\t\t<span class=\"genre\"><strong>Genre:<\/strong> <a href=\"https:\/\/celvmarilia.org.br\/w\/?genre=espiritismo\">Espiritismo<\/a><\/span><br \/>\n\t\t\t\t\t\t\t\t\t\t\t\t\t\t\t\t\t\t\t\t\t\t\t\t<\/div>\n\t\t\t<\/div>\n\t\t\t\t\t\t<div class=\"book-review-wrapper orderedby-date\" id=\"book-review-573\">\n\t\t\t\t<h3><a href=\"https:\/\/celvmarilia.org.br\/w\/book-review\/investigando-o-livro-dos-espiritos\/\">Investigando o Livro dos Esp\u00edritos<\/a><\/h3>\n\t\t\t\t<div class=\"book-review-sc post-573 book-review type-book-review status-publish has-post-thumbnail hentry genre-espiritismo book-author-varios-autores\">\n\t\t\t\t\t\t\t\t\t\t\t<a href=\"https:\/\/celvmarilia.org.br\/w\/book-review\/investigando-o-livro-dos-espiritos\/\" title=\"Investigando o Livro dos Esp\u00edritos\" class=\"alignleft pull-left thumbnail\">\n\t\t\t\t\t\t\t<img loading=\"lazy\" decoding=\"async\" width=\"130\" height=\"130\" src=\"https:\/\/celvmarilia.org.br\/w\/wp-content\/uploads\/2018\/04\/invest_001_1-130x130.jpg\" class=\"attachment-thumbnail size-thumbnail wp-post-image\" alt=\"\" srcset=\"https:\/\/celvmarilia.org.br\/w\/wp-content\/uploads\/2018\/04\/invest_001_1-130x130.jpg 130w, https:\/\/celvmarilia.org.br\/w\/wp-content\/uploads\/2018\/04\/invest_001_1-36x36.jpg 36w\" sizes=\"auto, 100vw\" \/>\t\t\t\t\t\t<\/a>\n\t\t\t\t\t\n\t\t\t\t\t\t\t\t\t<\/div>\n\n\t\t\t\t<div class=\"post-meta\">\n\t\t\t\t\t\t\t\t\t<\/div>\n\t\t\t\t<div class=\"post-data\">\n\t\t\t\t\t\t\t\t\t\t\t\t\t\t\t\t<span class=\"genre\"><strong>Genre:<\/strong> <a href=\"https:\/\/celvmarilia.org.br\/w\/?genre=espiritismo\">Espiritismo<\/a><\/span><br \/>\n\t\t\t\t\t\t\t\t\t\t\t\t\t\t\t\t\t\t\t\t\t\t\t\t<\/div>\n\t\t\t<\/div>\n\t\t\t\t\t\t<div class=\"book-review-wrapper orderedby-date\" id=\"book-review-564\">\n\t\t\t\t<h3><a href=\"https:\/\/celvmarilia.org.br\/w\/book-review\/cura-espiritual-da-ansiedade\/\">Cura Espiritual da Ansiedade<\/a><\/h3>\n\t\t\t\t<div class=\"book-review-sc post-564 book-review type-book-review status-publish has-post-thumbnail hentry genre-espiritismo book-author-alirio-de-cerqueira-filho\">\n\t\t\t\t\t\t\t\t\t\t\t<a href=\"https:\/\/celvmarilia.org.br\/w\/book-review\/cura-espiritual-da-ansiedade\/\" title=\"Cura Espiritual da Ansiedade\" class=\"alignleft pull-left thumbnail\">\n\t\t\t\t\t\t\t<img loading=\"lazy\" decoding=\"async\" width=\"130\" height=\"130\" src=\"https:\/\/celvmarilia.org.br\/w\/wp-content\/uploads\/2018\/04\/curaespiritualdaansiedadefrente-130x130.jpg\" class=\"attachment-thumbnail size-thumbnail wp-post-image\" alt=\"\" srcset=\"https:\/\/celvmarilia.org.br\/w\/wp-content\/uploads\/2018\/04\/curaespiritualdaansiedadefrente-130x130.jpg 130w, https:\/\/celvmarilia.org.br\/w\/wp-content\/uploads\/2018\/04\/curaespiritualdaansiedadefrente-36x36.jpg 36w\" sizes=\"auto, 100vw\" \/>\t\t\t\t\t\t<\/a>\n\t\t\t\t\t\n\t\t\t\t\t\t\t\t\t<\/div>\n\n\t\t\t\t<div class=\"post-meta\">\n\t\t\t\t\t\t\t\t\t<\/div>\n\t\t\t\t<div class=\"post-data\">\n\t\t\t\t\t\t\t\t\t\t\t\t\t\t\t\t<span class=\"genre\"><strong>Genre:<\/strong> <a href=\"https:\/\/celvmarilia.org.br\/w\/?genre=espiritismo\">Espiritismo<\/a><\/span><br \/>\n\t\t\t\t\t\t\t\t\t\t\t\t\t\t\t\t\t\t\t\t\t\t\t\t<\/div>\n\t\t\t<\/div>\n\t\t\t\n","protected":false},"excerpt":{"rendered":"","protected":false},"author":1,"featured_media":0,"parent":0,"menu_order":0,"comment_status":"open","ping_status":"open","template":"","meta":{"_exactmetrics_skip_tracking":false,"_exactmetrics_sitenote_active":false,"_exactmetrics_sitenote_note":"","_exactmetrics_sitenote_category":0,"footnotes":""},"class_list":["post-205","page","type-page","status-publish","hentry"],"post_mailing_queue_ids":[],"_links":{"self":[{"href":"https:\/\/celvmarilia.org.br\/w\/wp-json\/wp\/v2\/pages\/205","targetHints":{"allow":["GET"]}}],"collection":[{"href":"https:\/\/celvmarilia.org.br\/w\/wp-json\/wp\/v2\/pages"}],"about":[{"href":"https:\/\/celvmarilia.org.br\/w\/wp-json\/wp\/v2\/types\/page"}],"author":[{"embeddable":true,"href":"https:\/\/celvmarilia.org.br\/w\/wp-json\/wp\/v2\/users\/1"}],"replies":[{"embeddable":true,"href":"https:\/\/celvmarilia.org.br\/w\/wp-json\/wp\/v2\/comments?post=205"}],"version-history":[{"count":3,"href":"https:\/\/celvmarilia.org.br\/w\/wp-json\/wp\/v2\/pages\/205\/revisions"}],"predecessor-version":[{"id":208,"href":"https:\/\/celvmarilia.org.br\/w\/wp-json\/wp\/v2\/pages\/205\/revisions\/208"}],"wp:attachment":[{"href":"https:\/\/celvmarilia.org.br\/w\/wp-json\/wp\/v2\/media?parent=205"}],"curies":[{"name":"wp","href":"https:\/\/api.w.org\/{rel}","templated":true}]}}